{"id":177,"date":"2018-05-16T15:54:02","date_gmt":"2018-05-16T15:54:02","guid":{"rendered":"http:\/\/tschernobyl-hilfe-bocholt.com\/?page_id=177"},"modified":"2018-05-17T06:44:02","modified_gmt":"2018-05-17T06:44:02","slug":"laden-2018","status":"publish","type":"page","link":"http:\/\/tschernobyl-hilfe-bocholt.com\/?page_id=177","title":{"rendered":"Laden 2018"},"content":{"rendered":"<div id='gallery-1' class='gallery galleryid-177 gallery-columns-3 gallery-size-thumbnail'><figure class='gallery-item'>\n\t\t\t<div class='gallery-icon landscape'>\n\t\t\t\t<a href='http:\/\/tschernobyl-hilfe-bocholt.com\/?attachment_id=218'><img loading=\"lazy\" decoding=\"async\" width=\"150\" height=\"150\" src=\"http:\/\/tschernobyl-hilfe-bocholt.com\/wp-content\/uploads\/2018\/05\/P1030412-150x150.jpg\" class=\"attachment-thumbnail size-thumbnail\" alt=\"\" aria-describedby=\"gallery-1-218\" srcset=\"http:\/\/tschernobyl-hilfe-bocholt.com\/wp-content\/uploads\/2018\/05\/P1030412-150x150.jpg 150w, http:\/\/tschernobyl-hilfe-bocholt.com\/wp-content\/uploads\/2018\/05\/P1030412-100x100.jpg 100w\" sizes=\"100vw\" \/><\/a>\n\t\t\t<\/div>\n\t\t\t\t<figcaption class='wp-caption-text gallery-caption' id='gallery-1-218'>\n\t\t\t\tUm neun Uhr sind schon viele Vorbereitungen getroffen.\n\t\t\t\t<\/figcaption><\/figure><figure class='gallery-item'>\n\t\t\t<div class='gallery-icon landscape'>\n\t\t\t\t<a href='http:\/\/tschernobyl-hilfe-bocholt.com\/?attachment_id=219'><img loading=\"lazy\" decoding=\"async\" width=\"150\" height=\"150\" src=\"http:\/\/tschernobyl-hilfe-bocholt.com\/wp-content\/uploads\/2018\/05\/P1030413-150x150.jpg\" class=\"attachment-thumbnail size-thumbnail\" alt=\"\" aria-describedby=\"gallery-1-219\" srcset=\"http:\/\/tschernobyl-hilfe-bocholt.com\/wp-content\/uploads\/2018\/05\/P1030413-150x150.jpg 150w, http:\/\/tschernobyl-hilfe-bocholt.com\/wp-content\/uploads\/2018\/05\/P1030413-100x100.jpg 100w\" sizes=\"100vw\" \/><\/a>\n\t\t\t<\/div>\n\t\t\t\t<figcaption class='wp-caption-text gallery-caption' id='gallery-1-219'>\n\t\t\t\tEin leerer LKW scheint unermesslichen Platz zu bieten.\n\t\t\t\t<\/figcaption><\/figure><figure class='gallery-item'>\n\t\t\t<div class='gallery-icon landscape'>\n\t\t\t\t<a href='http:\/\/tschernobyl-hilfe-bocholt.com\/?attachment_id=220'><img loading=\"lazy\" decoding=\"async\" width=\"150\" height=\"150\" src=\"http:\/\/tschernobyl-hilfe-bocholt.com\/wp-content\/uploads\/2018\/05\/P1030422-150x150.jpg\" class=\"attachment-thumbnail size-thumbnail\" alt=\"\" aria-describedby=\"gallery-1-220\" srcset=\"http:\/\/tschernobyl-hilfe-bocholt.com\/wp-content\/uploads\/2018\/05\/P1030422-150x150.jpg 150w, http:\/\/tschernobyl-hilfe-bocholt.com\/wp-content\/uploads\/2018\/05\/P1030422-100x100.jpg 100w\" sizes=\"100vw\" \/><\/a>\n\t\t\t<\/div>\n\t\t\t\t<figcaption class='wp-caption-text gallery-caption' id='gallery-1-220'>\n\t\t\t\tDas selbst angepasste Transportband wird in Positur gebracht.\n\t\t\t\t<\/figcaption><\/figure><figure class='gallery-item'>\n\t\t\t<div class='gallery-icon landscape'>\n\t\t\t\t<a href='http:\/\/tschernobyl-hilfe-bocholt.com\/?attachment_id=221'><img loading=\"lazy\" decoding=\"async\" width=\"150\" height=\"150\" src=\"http:\/\/tschernobyl-hilfe-bocholt.com\/wp-content\/uploads\/2018\/05\/P1030428-150x150.jpg\" class=\"attachment-thumbnail size-thumbnail\" alt=\"\" aria-describedby=\"gallery-1-221\" srcset=\"http:\/\/tschernobyl-hilfe-bocholt.com\/wp-content\/uploads\/2018\/05\/P1030428-150x150.jpg 150w, http:\/\/tschernobyl-hilfe-bocholt.com\/wp-content\/uploads\/2018\/05\/P1030428-100x100.jpg 100w\" sizes=\"100vw\" \/><\/a>\n\t\t\t<\/div>\n\t\t\t\t<figcaption class='wp-caption-text gallery-caption' id='gallery-1-221'>\n\t\t\t\tSo stimmt die Position.\n\t\t\t\t<\/figcaption><\/figure><figure class='gallery-item'>\n\t\t\t<div class='gallery-icon landscape'>\n\t\t\t\t<a href='http:\/\/tschernobyl-hilfe-bocholt.com\/?attachment_id=222'><img loading=\"lazy\" decoding=\"async\" width=\"150\" height=\"150\" src=\"http:\/\/tschernobyl-hilfe-bocholt.com\/wp-content\/uploads\/2018\/05\/P1030431-150x150.jpg\" class=\"attachment-thumbnail size-thumbnail\" alt=\"\" aria-describedby=\"gallery-1-222\" srcset=\"http:\/\/tschernobyl-hilfe-bocholt.com\/wp-content\/uploads\/2018\/05\/P1030431-150x150.jpg 150w, http:\/\/tschernobyl-hilfe-bocholt.com\/wp-content\/uploads\/2018\/05\/P1030431-100x100.jpg 100w\" sizes=\"100vw\" \/><\/a>\n\t\t\t<\/div>\n\t\t\t\t<figcaption class='wp-caption-text gallery-caption' id='gallery-1-222'>\n\t\t\t\tDie Kisten und S\u00e4cke kommen ohne gro\u00dfe Anstrengung auf den Wagen.\n\t\t\t\t<\/figcaption><\/figure><figure class='gallery-item'>\n\t\t\t<div class='gallery-icon landscape'>\n\t\t\t\t<a href='http:\/\/tschernobyl-hilfe-bocholt.com\/?attachment_id=224'><img loading=\"lazy\" decoding=\"async\" width=\"150\" height=\"150\" src=\"http:\/\/tschernobyl-hilfe-bocholt.com\/wp-content\/uploads\/2018\/05\/P1030435-150x150.jpg\" class=\"attachment-thumbnail size-thumbnail\" alt=\"\" aria-describedby=\"gallery-1-224\" srcset=\"http:\/\/tschernobyl-hilfe-bocholt.com\/wp-content\/uploads\/2018\/05\/P1030435-150x150.jpg 150w, http:\/\/tschernobyl-hilfe-bocholt.com\/wp-content\/uploads\/2018\/05\/P1030435-100x100.jpg 100w\" sizes=\"100vw\" \/><\/a>\n\t\t\t<\/div>\n\t\t\t\t<figcaption class='wp-caption-text gallery-caption' id='gallery-1-224'>\n\t\t\t\tJede einzelne Ladung muss f\u00fcr den Zoll genau notiert werden.\n\t\t\t\t<\/figcaption><\/figure><figure class='gallery-item'>\n\t\t\t<div class='gallery-icon landscape'>\n\t\t\t\t<a href='http:\/\/tschernobyl-hilfe-bocholt.com\/?attachment_id=223'><img loading=\"lazy\" decoding=\"async\" width=\"150\" height=\"150\" src=\"http:\/\/tschernobyl-hilfe-bocholt.com\/wp-content\/uploads\/2018\/05\/P1030433-150x150.jpg\" class=\"attachment-thumbnail size-thumbnail\" alt=\"\" aria-describedby=\"gallery-1-223\" srcset=\"http:\/\/tschernobyl-hilfe-bocholt.com\/wp-content\/uploads\/2018\/05\/P1030433-150x150.jpg 150w, http:\/\/tschernobyl-hilfe-bocholt.com\/wp-content\/uploads\/2018\/05\/P1030433-100x100.jpg 100w\" sizes=\"100vw\" \/><\/a>\n\t\t\t<\/div>\n\t\t\t\t<figcaption class='wp-caption-text gallery-caption' id='gallery-1-223'>\n\t\t\t\tKeine Pause, denn das Band rollt.\n\t\t\t\t<\/figcaption><\/figure><figure class='gallery-item'>\n\t\t\t<div class='gallery-icon landscape'>\n\t\t\t\t<a href='http:\/\/tschernobyl-hilfe-bocholt.com\/?attachment_id=225'><img loading=\"lazy\" decoding=\"async\" width=\"150\" height=\"150\" src=\"http:\/\/tschernobyl-hilfe-bocholt.com\/wp-content\/uploads\/2018\/05\/P1030436-150x150.jpg\" class=\"attachment-thumbnail size-thumbnail\" alt=\"\" aria-describedby=\"gallery-1-225\" srcset=\"http:\/\/tschernobyl-hilfe-bocholt.com\/wp-content\/uploads\/2018\/05\/P1030436-150x150.jpg 150w, http:\/\/tschernobyl-hilfe-bocholt.com\/wp-content\/uploads\/2018\/05\/P1030436-100x100.jpg 100w\" sizes=\"100vw\" \/><\/a>\n\t\t\t<\/div>\n\t\t\t\t<figcaption class='wp-caption-text gallery-caption' id='gallery-1-225'>\n\t\t\t\tund rollt und rollt&#8230;\n\t\t\t\t<\/figcaption><\/figure><figure class='gallery-item'>\n\t\t\t<div class='gallery-icon landscape'>\n\t\t\t\t<a href='http:\/\/tschernobyl-hilfe-bocholt.com\/?attachment_id=226'><img loading=\"lazy\" decoding=\"async\" width=\"150\" height=\"150\" src=\"http:\/\/tschernobyl-hilfe-bocholt.com\/wp-content\/uploads\/2018\/05\/P1030438-150x150.jpg\" class=\"attachment-thumbnail size-thumbnail\" alt=\"\" aria-describedby=\"gallery-1-226\" srcset=\"http:\/\/tschernobyl-hilfe-bocholt.com\/wp-content\/uploads\/2018\/05\/P1030438-150x150.jpg 150w, http:\/\/tschernobyl-hilfe-bocholt.com\/wp-content\/uploads\/2018\/05\/P1030438-100x100.jpg 100w\" sizes=\"100vw\" \/><\/a>\n\t\t\t<\/div>\n\t\t\t\t<figcaption class='wp-caption-text gallery-caption' id='gallery-1-226'>\n\t\t\t\tund der Inhalt ist gekennzeichnet.\n\t\t\t\t<\/figcaption><\/figure><figure class='gallery-item'>\n\t\t\t<div class='gallery-icon portrait'>\n\t\t\t\t<a href='http:\/\/tschernobyl-hilfe-bocholt.com\/?attachment_id=227'><img loading=\"lazy\" decoding=\"async\" width=\"150\" height=\"150\" src=\"http:\/\/tschernobyl-hilfe-bocholt.com\/wp-content\/uploads\/2018\/05\/P1030441-150x150.jpg\" class=\"attachment-thumbnail size-thumbnail\" alt=\"\" aria-describedby=\"gallery-1-227\" srcset=\"http:\/\/tschernobyl-hilfe-bocholt.com\/wp-content\/uploads\/2018\/05\/P1030441-150x150.jpg 150w, http:\/\/tschernobyl-hilfe-bocholt.com\/wp-content\/uploads\/2018\/05\/P1030441-100x100.jpg 100w\" sizes=\"100vw\" \/><\/a>\n\t\t\t<\/div>\n\t\t\t\t<figcaption class='wp-caption-text gallery-caption' id='gallery-1-227'>\n\t\t\t\tSchwere Gebinde m\u00fcssen auf die Achsen gebracht werden.\n\t\t\t\t<\/figcaption><\/figure><figure class='gallery-item'>\n\t\t\t<div class='gallery-icon landscape'>\n\t\t\t\t<a href='http:\/\/tschernobyl-hilfe-bocholt.com\/?attachment_id=228'><img loading=\"lazy\" decoding=\"async\" width=\"150\" height=\"150\" src=\"http:\/\/tschernobyl-hilfe-bocholt.com\/wp-content\/uploads\/2018\/05\/P1030450-150x150.jpg\" class=\"attachment-thumbnail size-thumbnail\" alt=\"\" aria-describedby=\"gallery-1-228\" srcset=\"http:\/\/tschernobyl-hilfe-bocholt.com\/wp-content\/uploads\/2018\/05\/P1030450-150x150.jpg 150w, http:\/\/tschernobyl-hilfe-bocholt.com\/wp-content\/uploads\/2018\/05\/P1030450-100x100.jpg 100w\" sizes=\"100vw\" \/><\/a>\n\t\t\t<\/div>\n\t\t\t\t<figcaption class='wp-caption-text gallery-caption' id='gallery-1-228'>\n\t\t\t\tLangsam wird der Platz eng f\u00fcr die M\u00e4nner auf dem Wagen.\n\t\t\t\t<\/figcaption><\/figure><figure class='gallery-item'>\n\t\t\t<div class='gallery-icon landscape'>\n\t\t\t\t<a href='http:\/\/tschernobyl-hilfe-bocholt.com\/?attachment_id=229'><img loading=\"lazy\" decoding=\"async\" width=\"150\" height=\"150\" src=\"http:\/\/tschernobyl-hilfe-bocholt.com\/wp-content\/uploads\/2018\/05\/P1030455-150x150.jpg\" class=\"attachment-thumbnail size-thumbnail\" alt=\"\" aria-describedby=\"gallery-1-229\" srcset=\"http:\/\/tschernobyl-hilfe-bocholt.com\/wp-content\/uploads\/2018\/05\/P1030455-150x150.jpg 150w, http:\/\/tschernobyl-hilfe-bocholt.com\/wp-content\/uploads\/2018\/05\/P1030455-100x100.jpg 100w\" sizes=\"100vw\" \/><\/a>\n\t\t\t<\/div>\n\t\t\t\t<figcaption class='wp-caption-text gallery-caption' id='gallery-1-229'>\n\t\t\t\tDer letzte Zentimeter wird ausgef\u00fcllt.\n\t\t\t\t<\/figcaption><\/figure><figure class='gallery-item'>\n\t\t\t<div class='gallery-icon portrait'>\n\t\t\t\t<a href='http:\/\/tschernobyl-hilfe-bocholt.com\/?attachment_id=230'><img loading=\"lazy\" decoding=\"async\" width=\"150\" height=\"150\" src=\"http:\/\/tschernobyl-hilfe-bocholt.com\/wp-content\/uploads\/2018\/05\/P1030457-150x150.jpg\" class=\"attachment-thumbnail size-thumbnail\" alt=\"\" aria-describedby=\"gallery-1-230\" srcset=\"http:\/\/tschernobyl-hilfe-bocholt.com\/wp-content\/uploads\/2018\/05\/P1030457-150x150.jpg 150w, http:\/\/tschernobyl-hilfe-bocholt.com\/wp-content\/uploads\/2018\/05\/P1030457-100x100.jpg 100w\" sizes=\"100vw\" \/><\/a>\n\t\t\t<\/div>\n\t\t\t\t<figcaption class='wp-caption-text gallery-caption' id='gallery-1-230'>\n\t\t\t\tEin freundlicher B\u00e4r wird die Zollbeamten begr\u00fc\u00dfen.\n\t\t\t\t<\/figcaption><\/figure><figure class='gallery-item'>\n\t\t\t<div class='gallery-icon landscape'>\n\t\t\t\t<a href='http:\/\/tschernobyl-hilfe-bocholt.com\/?attachment_id=231'><img loading=\"lazy\" decoding=\"async\" width=\"150\" height=\"150\" src=\"http:\/\/tschernobyl-hilfe-bocholt.com\/wp-content\/uploads\/2018\/05\/P1030460-150x150.jpg\" class=\"attachment-thumbnail size-thumbnail\" alt=\"\" aria-describedby=\"gallery-1-231\" srcset=\"http:\/\/tschernobyl-hilfe-bocholt.com\/wp-content\/uploads\/2018\/05\/P1030460-150x150.jpg 150w, http:\/\/tschernobyl-hilfe-bocholt.com\/wp-content\/uploads\/2018\/05\/P1030460-100x100.jpg 100w\" sizes=\"100vw\" \/><\/a>\n\t\t\t<\/div>\n\t\t\t\t<figcaption class='wp-caption-text gallery-caption' id='gallery-1-231'>\n\t\t\t\tNach sechs Stunden Arbeit immer noch gute Laune.\n\t\t\t\t<\/figcaption><\/figure>\n\t\t<\/div>\n\n\n","protected":false},"excerpt":{"rendered":"","protected":false},"author":1,"featured_media":0,"parent":72,"menu_order":0,"comment_status":"closed","ping_status":"closed","template":"","meta":{"footnotes":""},"class_list":["post-177","page","type-page","status-publish","hentry"],"_links":{"self":[{"href":"http:\/\/tschernobyl-hilfe-bocholt.com\/index.php?rest_route=\/wp\/v2\/pages\/177"}],"collection":[{"href":"http:\/\/tschernobyl-hilfe-bocholt.com\/index.php?rest_route=\/wp\/v2\/pages"}],"about":[{"href":"http:\/\/tschernobyl-hilfe-bocholt.com\/index.php?rest_route=\/wp\/v2\/types\/page"}],"author":[{"embeddable":true,"href":"http:\/\/tschernobyl-hilfe-bocholt.com\/index.php?rest_route=\/wp\/v2\/users\/1"}],"replies":[{"embeddable":true,"href":"http:\/\/tschernobyl-hilfe-bocholt.com\/index.php?rest_route=%2Fwp%2Fv2%2Fcomments&post=177"}],"version-history":[{"count":7,"href":"http:\/\/tschernobyl-hilfe-bocholt.com\/index.php?rest_route=\/wp\/v2\/pages\/177\/revisions"}],"predecessor-version":[{"id":239,"href":"http:\/\/tschernobyl-hilfe-bocholt.com\/index.php?rest_route=\/wp\/v2\/pages\/177\/revisions\/239"}],"up":[{"embeddable":true,"href":"http:\/\/tschernobyl-hilfe-bocholt.com\/index.php?rest_route=\/wp\/v2\/pages\/72"}],"wp:attachment":[{"href":"http:\/\/tschernobyl-hilfe-bocholt.com\/index.php?rest_route=%2Fwp%2Fv2%2Fmedia&parent=177"}],"curies":[{"name":"wp","href":"https:\/\/api.w.org\/{rel}","templated":true}]}}