{"id":72,"date":"2018-05-13T18:45:19","date_gmt":"2018-05-13T18:45:19","guid":{"rendered":"http:\/\/tschernobyl-hilfe-bocholt.com\/?page_id=72"},"modified":"2024-03-25T14:45:37","modified_gmt":"2024-03-25T14:45:37","slug":"der-verein","status":"publish","type":"page","link":"http:\/\/tschernobyl-hilfe-bocholt.com\/?page_id=72","title":{"rendered":"Der Verein"},"content":{"rendered":"<p>Seit im Jahr 1987 nach der <a href=\"http:\/\/germany.mfa.gov.by\/de\/tschernobyl\/\" target=\"_blank\" rel=\"noopener\">Katastrophe von Tschernobyl <\/a>ein Hilferuf des Gebietes Mogilev die Stadt Bocholt erreichte, gibt es einen Verein &#8222;Hilfe f\u00fcr tschernobylgesch\u00e4digte Kinder e.V.&#8220; Seitdem ist viel geschehen. Menschen aus Bocholt haben viele Lastwagen gef\u00fcllt, die den Weg nach Mogilev angetreten haben.<\/p>\n<p>Und auch weiterhin wird jede Hilfe ben\u00f6tigt, denn auch jetzt werden viele Kinder mit unterschiedlichsten genetischen Sch\u00e4digungen geboren. Die regionale Versorgungslage ist bedr\u00fcckend und in keiner Weise ausreichend. Deswegen geht die Hilfe durch den Verein &#8222;Hilfe f\u00fcr tschernobyl-gesch\u00e4digte Kinder e.V.&#8220; weiter. Wie in den vergangenen Jahren wird ein Konvoi gro\u00dfe und kleine Spenden auch in diesem Jahr nach Mogilev bringen.<\/p>\n<p class=\"subtitle\"><strong>Der Vorstand<\/strong><\/p>\n<p>In seiner jetzigen Form wurde der Verein unter dem Vorstand von Theo Heming 2002 gegr\u00fcndet. Sein <a href=\"http:\/\/www.tschernobyl-hilfe-bocholt.com\/pdf\/Publikation_Theo_Hemming.pdf\" target=\"_parent\" rel=\"noopener\">unerm\u00fcdlicher Einsatz<\/a> wurde mit dem Bundesverdienstkreuz geehrt.<\/p>\n<p>Sein Nachfolger war Siegfried Woelk, der 2017 aus gesundheitlichen Gr\u00fcnden sein Engagement aufgeben musste.<\/p>\n<p>Seitdem ist Werner Linde im Vorstand, unterst\u00fctzt von der Schriftf\u00fchrerin Rosa van Gelder und dem Kassenf\u00fchrer Thomas Linde.<\/p>\n<p>Da der Verein derzeit nur aus 24 Mitgliedern besteht, bedeutet dies, dass Mitgliedschaft hier auch t\u00e4tiges Engagement bedeutet.<\/p>\n<h5>Im Einzelnen bedeutet das<\/h5>\n<ul>\n<li>Bei Firmen und Privatleuten um um Geld- oder Sachspenden bitten<\/li>\n<li>Einsammeln von Spenden<\/li>\n<li>Sichtung der Sachspenden<\/li>\n<li>Einlagern bis zum Transport oder<\/li>\n<li>Verkauf von Spenden, um Kosten f\u00fcr Verpackung und Transport zu finanzieren<\/li>\n<li>Erstellen genauer Ladelisten f\u00fcr den Zoll<\/li>\n<li>Beladen der Fahrzeug<\/li>\n<\/ul>\n<p>Das bedeutet viele viele Stunden ehrenamtlicher Arbeit.<\/p>\n<p class=\"subtitle\"><strong>Die Motivation<\/strong><\/p>\n<p>Woher kommt dieses Engagement und was n\u00e4hrt \u00fcber die Jahre hinweg? Auf diese Frage erz\u00e4hlt Werner Linde, dass er vor vielen Jahren von einem Bekannten angesprochen wurde und sich bereit erkl\u00e4rt hatte, eine Fahrt nach Mogilev zu begleiten. Was er dort gesehen hat, hat ihn nicht mehr losgelassen. Kinder aller Altersstufen, denen Gliedma\u00dfen fehlen, die unter k\u00f6rperlichen und geistigen Deformationen aller Art leiden und die in Heimen und Krankenh\u00e4usern nur mit dem Allernotwendigsten am Leben erhalten werden. Die Erinnerung daran l\u00e4sst ihn noch heute fast sprachlos werden. Aber sie ist auch der Motor, der ihn und seine Mitstreiter antreibt, alles in ihrer Macht Stehende zu tun, diese Not zu lindern.<br \/>\nEr legt Wert darauf, dass auch junge Leute, die das Erschrecken von 1986 nicht miterlebt haben, ihn auf seinen Fahrten begleiten, damit sie sehen, wof\u00fcr sie sich hier einsetzen.<\/p>\n<figure id=\"attachment_11\" aria-describedby=\"caption-attachment-11\" style=\"width: 450px\" class=\"wp-caption alignleft\"><img loading=\"lazy\" decoding=\"async\" class=\"wp-image-11 size-full\" src=\"http:\/\/tschernobyl-hilfe-bocholt.com\/wp-content\/uploads\/2018\/05\/beladen.jpg\" alt=\"\" width=\"450\" height=\"408\" srcset=\"http:\/\/tschernobyl-hilfe-bocholt.com\/wp-content\/uploads\/2018\/05\/beladen.jpg 450w, http:\/\/tschernobyl-hilfe-bocholt.com\/wp-content\/uploads\/2018\/05\/beladen-300x272.jpg 300w\" sizes=\"(max-width: 450px) 100vw, 450px\" \/><figcaption id=\"caption-attachment-11\" class=\"wp-caption-text\">Ein leerer LKW scheint unendlich viel Platz zu bieten, aber nach etlichen Stunden ist er bis auf den letzten Zentimeter gef\u00fcllt, auch Dank der gro\u00dfz\u00fcgigen Sachspenden von unterschiedlichen Firmen aus der Lebensmittelbranche.<\/figcaption><\/figure>\n<p><img loading=\"lazy\" decoding=\"async\" class=\"size-full wp-image-26 alignleft\" src=\"http:\/\/tschernobyl-hilfe-bocholt.com\/wp-content\/uploads\/2018\/05\/geladen.jpg\" alt=\"\" width=\"450\" height=\"408\" srcset=\"http:\/\/tschernobyl-hilfe-bocholt.com\/wp-content\/uploads\/2018\/05\/geladen.jpg 450w, http:\/\/tschernobyl-hilfe-bocholt.com\/wp-content\/uploads\/2018\/05\/geladen-300x272.jpg 300w\" sizes=\"(max-width: 450px) 100vw, 450px\" \/><\/p>\n<figure id=\"attachment_53\" aria-describedby=\"caption-attachment-53\" style=\"width: 550px\" class=\"wp-caption alignleft\"><img loading=\"lazy\" decoding=\"async\" class=\"wp-image-53 size-full\" src=\"http:\/\/tschernobyl-hilfe-bocholt.com\/wp-content\/uploads\/2018\/05\/team.jpg\" alt=\"\" width=\"550\" height=\"424\" srcset=\"http:\/\/tschernobyl-hilfe-bocholt.com\/wp-content\/uploads\/2018\/05\/team.jpg 550w, http:\/\/tschernobyl-hilfe-bocholt.com\/wp-content\/uploads\/2018\/05\/team-300x231.jpg 300w\" sizes=\"(max-width: 550px) 100vw, 550px\" \/><figcaption id=\"caption-attachment-53\" class=\"wp-caption-text\">Die Wagen sind entladen, das Team in Mogilev macht eine Pause. In der hinteren Reihe Nina, Agnes, B\u00e4rbel, Nicole, Hannelore, vorne Siggi, G\u00fcnter und Schergi. Ein paar Tage lang werden sie die Kinderheime besuchen, die im letzten Jahr Hilfsg\u00fcter aus Bocholt bekommen haben. Dabei werden sie sich auch erkundigen, was in Zukunft dringend ben\u00f6tigt wird.<\/figcaption><\/figure>\n","protected":false},"excerpt":{"rendered":"<p>Seit im Jahr 1987 nach der Katastrophe von Tschernobyl ein Hilferuf des Gebietes Mogilev die Stadt Bocholt erreichte, gibt es einen Verein &#8222;Hilfe f\u00fcr tschernobylgesch\u00e4digte Kinder e.V.&#8220; Seitdem ist viel geschehen. Menschen aus Bocholt haben viele Lastwagen gef\u00fcllt, die den Weg nach Mogilev angetreten haben. Und auch weiterhin wird jede Hilfe ben\u00f6tigt, denn auch jetzt &hellip; <\/p>\n<p class=\"link-more\"><a href=\"http:\/\/tschernobyl-hilfe-bocholt.com\/?page_id=72\" class=\"more-link\"><span class=\"screen-reader-text\">&#8222;Der Verein&#8220;<\/span> weiterlesen<\/a><\/p>\n","protected":false},"author":1,"featured_media":0,"parent":0,"menu_order":0,"comment_status":"closed","ping_status":"closed","template":"","meta":{"footnotes":""},"class_list":["post-72","page","type-page","status-publish","hentry"],"_links":{"self":[{"href":"http:\/\/tschernobyl-hilfe-bocholt.com\/index.php?rest_route=\/wp\/v2\/pages\/72"}],"collection":[{"href":"http:\/\/tschernobyl-hilfe-bocholt.com\/index.php?rest_route=\/wp\/v2\/pages"}],"about":[{"href":"http:\/\/tschernobyl-hilfe-bocholt.com\/index.php?rest_route=\/wp\/v2\/types\/page"}],"author":[{"embeddable":true,"href":"http:\/\/tschernobyl-hilfe-bocholt.com\/index.php?rest_route=\/wp\/v2\/users\/1"}],"replies":[{"embeddable":true,"href":"http:\/\/tschernobyl-hilfe-bocholt.com\/index.php?rest_route=%2Fwp%2Fv2%2Fcomments&post=72"}],"version-history":[{"count":6,"href":"http:\/\/tschernobyl-hilfe-bocholt.com\/index.php?rest_route=\/wp\/v2\/pages\/72\/revisions"}],"predecessor-version":[{"id":625,"href":"http:\/\/tschernobyl-hilfe-bocholt.com\/index.php?rest_route=\/wp\/v2\/pages\/72\/revisions\/625"}],"wp:attachment":[{"href":"http:\/\/tschernobyl-hilfe-bocholt.com\/index.php?rest_route=%2Fwp%2Fv2%2Fmedia&parent=72"}],"curies":[{"name":"wp","href":"https:\/\/api.w.org\/{rel}","templated":true}]}}