{"id":73,"date":"2018-05-13T18:45:19","date_gmt":"2018-05-13T18:45:19","guid":{"rendered":"http:\/\/tschernobyl-hilfe-bocholt.com\/?page_id=73"},"modified":"2018-10-23T09:32:14","modified_gmt":"2018-10-23T09:32:14","slug":"die-kinder","status":"publish","type":"page","link":"http:\/\/tschernobyl-hilfe-bocholt.com\/?page_id=73","title":{"rendered":"Die Kinder"},"content":{"rendered":"<p align=\"left\">Im Gebiet von Mogilev gibt es zahlreiche Kinder mit schweren und schwersten Behinderungen. Manche sind auf den ersten Blick erkennbar, andere weisen geistige und Entwicklungsst\u00f6rungen auf. Zur Armut in diesem Landesbereich, in dem es kaum Industrie oder Gewerbe gibt, kommt auch ein weitgehendes staatliches Desinteresse, Ohne Unterst\u00fctzung im materiellen Bereich und ohne die erforderlichen Kenntnisse zur Pflege solcher Kinder sehen sich Familien in aussichtslosen Situationen. Das f\u00fchrt dazu, dass Kinder &#8211; auch S\u00e4uglinge &#8211; in Kinderheimen abgegeben werden.<\/p>\n<figure id=\"attachment_7\" aria-describedby=\"caption-attachment-7\" style=\"width: 300px\" class=\"wp-caption aligncenter\"><img loading=\"lazy\" decoding=\"async\" class=\"wp-image-7 size-medium\" src=\"http:\/\/tschernobyl-hilfe-bocholt.com\/wp-content\/uploads\/2018\/05\/alltag_im_Heim-300x298.jpg\" alt=\"\" width=\"300\" height=\"298\" \/><figcaption id=\"caption-attachment-7\" class=\"wp-caption-text\">Hier wird eine Schule besucht, in der lernbehinderte Jungen und M\u00e4dchen unterrichtet werden.<\/figcaption><\/figure>\n<p>&nbsp;<\/p>\n<figure id=\"attachment_35\" aria-describedby=\"caption-attachment-35\" style=\"width: 300px\" class=\"wp-caption aligncenter\"><img loading=\"lazy\" decoding=\"async\" class=\"wp-image-35 size-medium\" src=\"http:\/\/tschernobyl-hilfe-bocholt.com\/wp-content\/uploads\/2018\/05\/junge-300x225.jpg\" alt=\"\" width=\"300\" height=\"225\" \/><figcaption id=\"caption-attachment-35\" class=\"wp-caption-text\">Der Junge freut sich, dass er ein Lied laut und deutlich zu Ende gebracht hat. Daf\u00fcr hat er lange ge\u00fcbt.<\/figcaption><\/figure>\n<p>&nbsp;<\/p>\n<p>&nbsp;<\/p>\n<p>Die folgenden Aufnahmen sind nicht leicht zu ertragen. Aber das Leben dieser schwerst gesch\u00e4digten Kinder wenigstens ein wenig erleichtern zu k\u00f6nnen, l\u00e4sst die Vereinsmitglieder jedes Jahr aufs Neue ihre Aufgaben bew\u00e4ltigen.<\/p>\n<p><img loading=\"lazy\" decoding=\"async\" class=\"aligncenter size-medium wp-image-32\" src=\"http:\/\/tschernobyl-hilfe-bocholt.com\/wp-content\/uploads\/2018\/05\/Heim_Nervenschaeden5-300x225.jpg\" alt=\"\" width=\"300\" height=\"225\" \/><\/p>\n<p><img loading=\"lazy\" decoding=\"async\" class=\"aligncenter size-medium wp-image-30\" src=\"http:\/\/tschernobyl-hilfe-bocholt.com\/wp-content\/uploads\/2018\/05\/Heim_Nervenschaeden3-300x225.jpg\" alt=\"\" width=\"300\" height=\"225\" \/><\/p>\n<p><img loading=\"lazy\" decoding=\"async\" class=\"aligncenter size-medium wp-image-28\" src=\"http:\/\/tschernobyl-hilfe-bocholt.com\/wp-content\/uploads\/2018\/05\/Heim_Nervenschaeden-300x225.jpg\" alt=\"\" width=\"300\" height=\"225\" srcset=\"http:\/\/tschernobyl-hilfe-bocholt.com\/wp-content\/uploads\/2018\/05\/Heim_Nervenschaeden-300x225.jpg 300w, http:\/\/tschernobyl-hilfe-bocholt.com\/wp-content\/uploads\/2018\/05\/Heim_Nervenschaeden.jpg 450w\" sizes=\"(max-width: 300px) 100vw, 300px\" \/><\/p>\n<p>&nbsp;<\/p>\n<p>&nbsp;<\/p>\n<p>&nbsp;<\/p>\n","protected":false},"excerpt":{"rendered":"<p>Im Gebiet von Mogilev gibt es zahlreiche Kinder mit schweren und schwersten Behinderungen. Manche sind auf den ersten Blick erkennbar, andere weisen geistige und Entwicklungsst\u00f6rungen auf. Zur Armut in diesem Landesbereich, in dem es kaum Industrie oder Gewerbe gibt, kommt auch ein weitgehendes staatliches Desinteresse, Ohne Unterst\u00fctzung im materiellen Bereich und ohne die erforderlichen Kenntnisse &hellip; <\/p>\n<p class=\"link-more\"><a href=\"http:\/\/tschernobyl-hilfe-bocholt.com\/?page_id=73\" class=\"more-link\"><span class=\"screen-reader-text\">&#8222;Die Kinder&#8220;<\/span> weiterlesen<\/a><\/p>\n","protected":false},"author":1,"featured_media":0,"parent":0,"menu_order":0,"comment_status":"closed","ping_status":"closed","template":"","meta":{"footnotes":""},"class_list":["post-73","page","type-page","status-publish","hentry"],"_links":{"self":[{"href":"http:\/\/tschernobyl-hilfe-bocholt.com\/index.php?rest_route=\/wp\/v2\/pages\/73"}],"collection":[{"href":"http:\/\/tschernobyl-hilfe-bocholt.com\/index.php?rest_route=\/wp\/v2\/pages"}],"about":[{"href":"http:\/\/tschernobyl-hilfe-bocholt.com\/index.php?rest_route=\/wp\/v2\/types\/page"}],"author":[{"embeddable":true,"href":"http:\/\/tschernobyl-hilfe-bocholt.com\/index.php?rest_route=\/wp\/v2\/users\/1"}],"replies":[{"embeddable":true,"href":"http:\/\/tschernobyl-hilfe-bocholt.com\/index.php?rest_route=%2Fwp%2Fv2%2Fcomments&post=73"}],"version-history":[{"count":5,"href":"http:\/\/tschernobyl-hilfe-bocholt.com\/index.php?rest_route=\/wp\/v2\/pages\/73\/revisions"}],"predecessor-version":[{"id":279,"href":"http:\/\/tschernobyl-hilfe-bocholt.com\/index.php?rest_route=\/wp\/v2\/pages\/73\/revisions\/279"}],"wp:attachment":[{"href":"http:\/\/tschernobyl-hilfe-bocholt.com\/index.php?rest_route=%2Fwp%2Fv2%2Fmedia&parent=73"}],"curies":[{"name":"wp","href":"https:\/\/api.w.org\/{rel}","templated":true}]}}