{"id":75,"date":"2018-05-13T18:45:19","date_gmt":"2018-05-13T18:45:19","guid":{"rendered":"http:\/\/tschernobyl-hilfe-bocholt.com\/?page_id=75"},"modified":"2018-05-13T19:02:37","modified_gmt":"2018-05-13T19:02:37","slug":"impressum","status":"publish","type":"page","link":"http:\/\/tschernobyl-hilfe-bocholt.com\/?page_id=75","title":{"rendered":"Impressum"},"content":{"rendered":"<p>Anbieter:<\/p>\n<p align=\"center\">&#8222;Hilfe f\u00fcr tschernobylgesch\u00e4digte Kinder&#8220; e.V<\/p>\n<p align=\"center\">Vertreten durch:<\/p>\n<p align=\"center\">Vereinspr\u00e4sident<\/p>\n<p align=\"center\">Werner Linde<\/p>\n<p align=\"center\">Anschrift:<\/p>\n<p align=\"center\">&#8222;Hilfe f\u00fcr tschernobylgesch\u00e4digte Kinder&#8220; e.V<\/p>\n<p align=\"center\">Kurf\u00fcrstenstrasse 109a<\/p>\n<p align=\"center\">46399 Bocholt<\/p>\n<p align=\"center\">02871 40427<\/p>\n<p>Redaktionelle Verantwortung (V.i.s.d.P):<\/p>\n<p>Die redaktionelle Verantwortung f\u00fcr die eingestellten Inhalte liegt bei den jeweiligen Informationsanbietern.<\/p>\n<p>Einsenden von Inhalten:<\/p>\n<p>Sofern Inhalte zur Einstellung in den Dienst zur Verf\u00fcgung gestellt werden, gilt folgendes:<\/p>\n<p>Der Verein beh\u00e4lt sich vor, etwaige Einsendungen nicht oder gek\u00fcrzt oder in sonst ver\u00e4nderter Form in den Dienst einzustellen. Ein Anspruch auf Ver\u00f6ffentlichung besteht nicht. Durch die Einsendung von Inhalten wird der Verein das ausschlie\u00dfliche, honorarfreie, zeitlich und \u00f6rtlich unbeschr\u00e4nkte Recht zur Speicherung, Nutzung und Verbreitung dieser Inhalte in ver\u00e4nderter oder unver\u00e4nderter Form im Internet und \u00fcber anderen Medien mit oder ohne Nennung des Urhebers \u00fcbertragen.<\/p>\n<p>F\u00fcr die Nutzung eines zuk\u00fcnftig bereitgestellten interaktiven Dienstes gilt folgendes:<\/p>\n<p>Wenn Sie Inhalte f\u00fcr den Verein bereitstellen, d\u00fcrfen diese nicht rechtswidrig oder anst\u00f6\u00dfig sein und weder unmittelbar noch mittelbar parteipolitischen Bezug haben. Die Inhalte sind vom Einsender auf Richtigkeit und Zul\u00e4ssigkeit zu pr\u00fcfen. Falls Sie nachtr\u00e4glich die Fehlerhaftigkeit oder Unzul\u00e4ssigkeit der von Ihnen bereitgestellten Inhalte erkennen, informieren Sie uns bitte unverz\u00fcglich.<\/p>\n<p>Der Verein beh\u00e4lt sich vor, \u00fcberlassene Inhalte zu entfernen, wenn den vorstehenden Regelungen nicht nachgekommen wird und den betreffenden Nutzer von interaktiven Diensten auszuschlie\u00dfen.<\/p>\n<p>Auf tschernobyl-hilfe-bocholt.com darf weder direkt noch indirekt Werbung verbreitet werden. Werbung ist nur zul\u00e4ssig, wenn mit dem Verein gesonderte Vereinbarungen hier\u00fcber besteht. Einen Anspruch auf Abschlu\u00df einer solchen Vereinbarung besteht nicht.<\/p>\n<p>Copyright \/ Urheberrecht (Kopierrechte):<\/p>\n<p>Alle Inhalte dieser Website unterliegen dem Urheberrecht (Copyright).<\/p>\n<p>Alle die auf den vom &#8222;Hilfe f\u00fcr tschernobylgesch\u00e4digte Kinder&#8220; e.V gehaltenen Dom\u00e4nen wiedergegebenen Texte, Bilder und audiovisuellen Inhalte sowie das Layout und Design einschlie\u00dflich von Teilen der Programmierung des Dienstes sind urheberrechtlich gesch\u00fctzt und d\u00fcrfen ohne vorherige Zustimmung des Vereins bzw. der Rechteinhaber nicht zu anderen als rein privaten Zwecken verwendet werden. Einzelne Inhalte k\u00f6nnen spezielle Urheberrechtsvermerke enthalten, die zu beachten sind.<\/p>\n<p>\u00d6ffentliche Wieder-, Weitergabe und Ver\u00e4nderung der Inhalte ist unzul\u00e4ssig. Das &#8222;verlinken&#8220; auf Inhalte ist dem Verantwortlichen vorher rechtsverbindlich mitzuteilen.<\/p>\n<p>F\u00fcr R\u00fcckfragen wenden Sie sich bitte an: thomaslinde (at) msn.com oder nutzen Sie die Kontaktm\u00f6glichkeit der Seite.<\/p>\n<p>Versenden von E-Mails:<\/p>\n<p>Soweit der Verein im Rahmen des Dienstes ausdr\u00fccklich die M\u00f6glichkeit bietet, Antr\u00e4ge oder andere rechtserhebliche Erkl\u00e4rungen gegen\u00fcber dem Verein auf elektronischem Weg abzugeben, erfolgt die \u00dcbermittlung auf eigene Gefahr. Der Verein kann, sofern dies nicht ausdr\u00fccklich angegeben ist, die Abh\u00f6rsicherheit und Unverf\u00e4lschtheit der eingegangenen Erkl\u00e4rungen nicht gew\u00e4hrleisten. Dies hat zur Folge, da\u00df Sie Dokumente, die einer Unterschrift bed\u00fcrfen, nicht in elektronischer Form \u00fcbersenden k\u00f6nnen. Wir bitten Sie deshalb, in diesen F\u00e4llen auf die papiergebundene Kommunikation auszuweichen und zu ber\u00fccksichtigen, da\u00df eine solche E-Mail keine Rechtswirkung hat.<\/p>\n<p>Fristgebundene Antr\u00e4ge und Erkl\u00e4rungen gegen\u00fcber dem Verein k\u00f6nnen aus diesen Gr\u00fcnden nicht elektronisch abgegeben werden.<\/p>\n<p>Gew\u00e4hrleistung \/ Haftungsausschlu\u00df:<\/p>\n<p>Das Angebot des Dienstes steht unter dem Vorbehalt der technischen Verf\u00fcgbarkeit, insbesondere im Hinblick auf erforderliche Wartungsarbeiten und Ausf\u00e4lle durch technische St\u00f6rungen. Bei der F\u00fclle der zu verarbeitenden Informationen sind trotz sorgf\u00e4ltiger Bearbeitung Fehler oder Unvollst\u00e4ndigkeiten nicht zu vermeiden. F\u00fcr die Richtigkeit der im Rahmen des Dienstes abrufbaren Informationen wird deshalb keine Haftung\/Gew\u00e4hrleistung \u00fcbernommen.<\/p>\n<p>Eine Haftung f\u00fcr Sch\u00e4den, die sich aus der Verwendung der hier ver\u00f6ffentlichten Inhalte ergeben, ist ausgeschlossen. Der Verein \u00fcbernimmt auch keine Haftung f\u00fcr fremde Inhalte und distanziert sich von allen Inhalten, auf die durch Links oder andere technische Verweise innerhalb des Dienstes Bezug genommen wird.<\/p>\n<p>Der Verein ist nicht Urheber solcher Inhalte. Die Bezugnahme durch Links ist auch nicht Ausdruck einer bestimmten Meinung des Vereines zu diesen Inhalten; insbesondere werden solche Inhalte nicht zu eigen gemacht oder gebilligt.<\/p>\n<p>Bitte beachten Sie auch, da\u00df der Verein die unter den Links oder technischen Verweisen erreichbaren Inhalte nicht st\u00e4ndig pr\u00fcfen kann. Die Nutzung von Links oder anderen technischen Verweisen auf Inhalte au\u00dferhalb des Dienstes erfolgt auf eigene Verantwortung.<\/p>\n<p>F\u00fcr fremde Inhalte, die hier angeboten werden, ist der Verein allenfalls dann verantwortlich, wenn ihr rechtswidrige oder strafbare Inhalte positiv bekannt sind und sie diese nicht sperrt oder l\u00f6scht, obwohl es ihr technisch m\u00f6glich und zumutbar w\u00e4re.<\/p>\n<p>Der Verein haftet nur f\u00fcr Sch\u00e4den die durch die Nutzung des angebotenen Dienstes des Vereins entstehen nur soweit, wie eine vors\u00e4tzliche oder grob fahrl\u00e4ssige Verletzung einer wesentlichen vertraglichen Hauptleistungspflicht (Kardinalpflicht) nachgewiesen wird, oder falls eine zugesicherte Eigenschaft fehlt. Dies gilt auch, soweit Erf\u00fcllungsgehilfen eingesetzt wurden. F\u00fcr unvorhersehbare und vertragsuntypische Sch\u00e4den wird nicht gehaftet.<\/p>\n<p>F\u00fcr Hinweise auf entsprechende Inhalte sind die Verantwortlichen der K\u00f6rperschaft stets dankbar.<br \/>\nSenden Sie die Information an den webmaster (at) tschernobyl-hilfe-bocholt.com.<\/p>\n<p>Geschlechterbezeichnung:<\/p>\n<p>Um die Lesbarkeit der Informationen zu erleichtern, wird bei Personenbezeichnungen i.d.R. die m\u00e4nnliche Form verwandt. Es sind jedoch jeweils m\u00e4nnliche und weibliche Personen gemeint.<\/p>\n<p>SPAM- und Virenschutz:<\/p>\n<p>Ein- und ausgehende E-Mails werden auf Viren gepr\u00fcft. Au\u00dferdem werden E-Mails auf unseren Servern \u00fcber SPAM-Filter geleitet. Dabei werden grunds\u00e4tzlich alle E-Mails von sogenannten &#8222;Open-Relay&#8220; Servern verweigert. Zus\u00e4tzlich unterhalten wir eine eigene globale Blacklist.<\/p>\n<p>Sollten Sie, Ihrer Meinung nach zu Unrecht bei uns gelistet sein, teilen Sie uns dies bitte mit: webmaster (at) tschernobyl-hilfe-bocholt.com oder \u00fcber Kontakt.<\/p>\n<p>DATENSCHUTZ<br \/>\nNutzer bezogene Daten:<\/p>\n<p>Die Nutzer bezogenen Daten werden bei der Nutzung des Dienstes nach datenschutzrechtlichen Ma\u00dfst\u00e4ben verarbeitet und genutzt.<br \/>\nSoweit personenbezogene Daten im Rahmen von Fachanwendungen erhoben, verarbeitet und genutzt werden, gelten die jeweiligen Regelungen und\/oder das Datenschutzgesetz. \u00dcbermittelte personenbezogene Daten werden nur so lange gespeichert, wie dies f\u00fcr die Nutzung des jeweiligen Dienstes im Angebot erforderlich ist.<br \/>\nDie Verarbeitung und Nutzung Ihrer personenbezogenen Daten au\u00dferhalb des Dienstes erfolgt nur, soweit dies f\u00fcr die Erf\u00fcllung der in die Zust\u00e4ndigkeit fallenden Aufgaben erforderlich ist.<\/p>\n<p>Eine Weitergabe von Daten an Dritte oder nicht-staatliche Stellen erfolgt nicht.<\/p>\n<p>Bitte beachten Sie, da\u00df die \u00dcbermittlung von Informationen im Internet nicht v\u00f6llig sicher ist. Es kann nicht ausgeschlossen werden, da\u00df Dritte die von Ihnen \u00fcbermittelten Daten abfangen oder ver\u00e4ndern. Von daher sollte in Angelegenheiten, die besondere Vertraulichkeit erfordern, auf andere Arten der \u00dcbermittlung zur\u00fcckgegriffen werden.<\/p>\n<p>Bitte beachten Sie, da\u00df der Verein f\u00fcr die Verarbeitung und Nutzung Ihrer Daten bei externen Anbietern, zum Beispiel Google-Dienste wie Youtube, Google+ oder Facebook, Twitter etc., nicht verantwortlich ist und eigene Bedingungen der Anbieter gelten.<\/p>\n<p>Einsatz von Analytics &#8211; Software:<\/p>\n<p>Diese Website benutzt KEINE Analyse &#8211; Software.<\/p>\n<p>Durch die Nutzung dieser Website erkl\u00e4ren Sie sich mit der Bearbeitung der \u00fcber Sie erhobenen Daten in der nachstehend beschriebenen Art und Weise und zu dem zuvor benannten Zweck (Punkt: Nutzer bezogene Daten) einverstanden.<\/p>\n<p>Eine der Verfahrensweisen von Analyse-Software am Beispiel von Google-Analytics :<\/p>\n<p>Google Analytics ist ein Webanalysedienst der Google Inc. (&#8222;Google&#8220;). Google Analytics verwendet sog. &#8222;Cookies&#8220;, Textdateien, die auf Ihrem Computer gespeichert werden und die eine Analyse der Benutzung der Website durch Sie erm\u00f6glicht. Die durch den Cookie erzeugten Informationen \u00fcber Ihre Benutzung einer Webseite (einschlie\u00dflich Ihrer IP-Adresse) wird an einen Server der Google Inc. in den USA \u00fcbertragen und dort gespeichert. Google kann diese Informationen benutzen, um Ihre Nutzung der jeweiligen Webseite auszuwerten, um Reports \u00fcber die Webseitenanktivit\u00e4ten f\u00fcr die Webseitenbetreiber zusammenzustellen und um weitere mit der Webseitennutzung und der Internetnutzung verbundene Dienstleistungen zu erbringen. Auch wird Google diese Informationen gegebenenfalls an Dritte \u00fcbertragen, sofern dies gesetzlich vorgeschrieben oder soweit Dritte diese Daten im Auftrag von Google verarbeiten.<\/p>\n<p>Sie k\u00f6nnen die Installation der Cookies durch eine entsprechende Einstellung Ihrer Browser Software verhindern; Sie werden jedoch darauf hingewiesen, da\u00df Sie in diesem Fall gegebenenfalls nicht s\u00e4mtliche Funktionen der aufgerufenen Webseite vollumf\u00e4nglich nutzen k\u00f6nnen.<\/p>\n<p>Mehr Informationen zur von Google Inc. eingesetzten Technologie finden sie unter www.google.com\/analytics<br \/>\nHinweis: Keine Abmahnung ohne vorherigen Kontakt.<\/p>\n<p>Sollte der Inhalt oder die Aufmachung dieser Seiten fremde Rechte Dritter oder gesetzliche Bestimmungen verletzen, so bitten wir um eine entsprechende Nachricht ohne Kostennote.<\/p>\n<p>Wir werden die zu Recht beanstandeten Passagen unverz\u00fcglich entfernen, ohne dass von Ihrer Seite die Einschaltung eines Rechtsbeistandes erforderlich ist. Dennoch von Ihnen ohne vorherige Kontaktaufnahme ausgel\u00f6ste vermeidbare Kosten werden wir vollumf\u00e4nglich zur\u00fcckweisen und gegebenenfalls Widerklage wegen Verletzung vorgenannter Bestimmungen einreichen.<br \/>\nStand: 15.03.2016<\/p>\n<p>Gestaltung der Website: Barbara Heimbach<\/p>\n","protected":false},"excerpt":{"rendered":"<p>Anbieter: &#8222;Hilfe f\u00fcr tschernobylgesch\u00e4digte Kinder&#8220; e.V Vertreten durch: Vereinspr\u00e4sident Werner Linde Anschrift: &#8222;Hilfe f\u00fcr tschernobylgesch\u00e4digte Kinder&#8220; e.V Kurf\u00fcrstenstrasse 109a 46399 Bocholt 02871 40427 Redaktionelle Verantwortung (V.i.s.d.P): Die redaktionelle Verantwortung f\u00fcr die eingestellten Inhalte liegt bei den jeweiligen Informationsanbietern. Einsenden von Inhalten: Sofern Inhalte zur Einstellung in den Dienst zur Verf\u00fcgung gestellt werden, gilt folgendes: Der &hellip; <\/p>\n<p class=\"link-more\"><a href=\"http:\/\/tschernobyl-hilfe-bocholt.com\/?page_id=75\" class=\"more-link\"><span class=\"screen-reader-text\">&#8222;Impressum&#8220;<\/span> weiterlesen<\/a><\/p>\n","protected":false},"author":1,"featured_media":0,"parent":0,"menu_order":0,"comment_status":"closed","ping_status":"closed","template":"","meta":{"footnotes":""},"class_list":["post-75","page","type-page","status-publish","hentry"],"_links":{"self":[{"href":"http:\/\/tschernobyl-hilfe-bocholt.com\/index.php?rest_route=\/wp\/v2\/pages\/75"}],"collection":[{"href":"http:\/\/tschernobyl-hilfe-bocholt.com\/index.php?rest_route=\/wp\/v2\/pages"}],"about":[{"href":"http:\/\/tschernobyl-hilfe-bocholt.com\/index.php?rest_route=\/wp\/v2\/types\/page"}],"author":[{"embeddable":true,"href":"http:\/\/tschernobyl-hilfe-bocholt.com\/index.php?rest_route=\/wp\/v2\/users\/1"}],"replies":[{"embeddable":true,"href":"http:\/\/tschernobyl-hilfe-bocholt.com\/index.php?rest_route=%2Fwp%2Fv2%2Fcomments&post=75"}],"version-history":[{"count":3,"href":"http:\/\/tschernobyl-hilfe-bocholt.com\/index.php?rest_route=\/wp\/v2\/pages\/75\/revisions"}],"predecessor-version":[{"id":87,"href":"http:\/\/tschernobyl-hilfe-bocholt.com\/index.php?rest_route=\/wp\/v2\/pages\/75\/revisions\/87"}],"wp:attachment":[{"href":"http:\/\/tschernobyl-hilfe-bocholt.com\/index.php?rest_route=%2Fwp%2Fv2%2Fmedia&parent=75"}],"curies":[{"name":"wp","href":"https:\/\/api.w.org\/{rel}","templated":true}]}}